{"id":2,"date":"2020-12-19T12:43:01","date_gmt":"2020-12-19T11:43:01","guid":{"rendered":"http:\/\/localhost:8080\/?page_id=2"},"modified":"2022-06-02T12:23:38","modified_gmt":"2022-06-02T10:23:38","slug":"main-page","status":"publish","type":"page","link":"https:\/\/electromobility.one\/en\/","title":{"rendered":"Main page"},"content":{"rendered":"","protected":false},"excerpt":{"rendered":"","protected":false},"author":1,"featured_media":0,"parent":0,"menu_order":0,"comment_status":"closed","ping_status":"closed","template":"","meta":{"_editorskit_title_hidden":false,"_editorskit_reading_time":1,"_editorskit_typography_data":[],"_editorskit_blocks_typography":"","_editorskit_is_block_options_detached":false,"_editorskit_block_options_position":"{}"},"acf":[],"yoast_head":"<!-- This site is optimized with the Yoast SEO plugin v18.0 - https:\/\/yoast.com\/wordpress\/plugins\/seo\/ -->\n<title>Electromobility - Domowe i firmowe stacje \u0142adowania aut elektrycznych<\/title>\n<meta name=\"description\" content=\"Electromobility - Wallbox (EV) oraz hybryd plug-in (PHEV) w znacz\u0105cy spos\u00f3b zwi\u0119ksza wygod\u0119 korzystania z auta elektrycznego.\" \/>\n<meta name=\"robots\" content=\"index, follow, max-snippet:-1, max-image-preview:large, max-video-preview:-1\" \/>\n<link rel=\"canonical\" href=\"https:\/\/electromobility.one\/en\/\" \/>\n<meta property=\"og:locale\" content=\"en_US\" \/>\n<meta property=\"og:type\" content=\"article\" \/>\n<meta property=\"og:title\" content=\"Electromobility - Domowe i firmowe stacje \u0142adowania aut elektrycznych\" \/>\n<meta property=\"og:description\" content=\"Electromobility - Wallbox (EV) oraz hybryd plug-in (PHEV) w znacz\u0105cy spos\u00f3b zwi\u0119ksza wygod\u0119 korzystania z auta elektrycznego.\" \/>\n<meta property=\"og:url\" content=\"https:\/\/electromobility.one\/en\/\" \/>\n<meta property=\"og:site_name\" content=\"electromobility.ONE ENG\" \/>\n<meta property=\"article:modified_time\" content=\"2022-06-02T10:23:38+00:00\" \/>\n<meta name=\"twitter:card\" content=\"summary_large_image\" \/>\n<script type=\"application\/ld+json\" class=\"yoast-schema-graph\">{\"@context\":\"https:\/\/schema.org\",\"@graph\":[{\"@type\":\"WebSite\",\"@id\":\"https:\/\/electromobility.one\/en\/#website\",\"url\":\"https:\/\/electromobility.one\/en\/\",\"name\":\"electromobility.ONE ENG\",\"description\":\"\",\"potentialAction\":[{\"@type\":\"SearchAction\",\"target\":{\"@type\":\"EntryPoint\",\"urlTemplate\":\"https:\/\/electromobility.one\/en\/?s={search_term_string}\"},\"query-input\":\"required name=search_term_string\"}],\"inLanguage\":\"en-US\"},{\"@type\":\"WebPage\",\"@id\":\"https:\/\/electromobility.one\/en\/#webpage\",\"url\":\"https:\/\/electromobility.one\/en\/\",\"name\":\"Electromobility - Domowe i firmowe stacje \u0142adowania aut elektrycznych\",\"isPartOf\":{\"@id\":\"https:\/\/electromobility.one\/en\/#website\"},\"datePublished\":\"2020-12-19T11:43:01+00:00\",\"dateModified\":\"2022-06-02T10:23:38+00:00\",\"description\":\"Electromobility - Wallbox (EV) oraz hybryd plug-in (PHEV) w znacz\u0105cy spos\u00f3b zwi\u0119ksza wygod\u0119 korzystania z auta elektrycznego.\",\"breadcrumb\":{\"@id\":\"https:\/\/electromobility.one\/en\/#breadcrumb\"},\"inLanguage\":\"en-US\",\"potentialAction\":[{\"@type\":\"ReadAction\",\"target\":[\"https:\/\/electromobility.one\/en\/\"]}]},{\"@type\":\"BreadcrumbList\",\"@id\":\"https:\/\/electromobility.one\/en\/#breadcrumb\",\"itemListElement\":[{\"@type\":\"ListItem\",\"position\":1,\"name\":\"Home\",\"item\":\"https:\/\/electromobility.one\/en\/\"},{\"@type\":\"ListItem\",\"position\":2,\"name\":\"Main page\"}]}]}<\/script>\n<!-- \/ Yoast SEO plugin. -->","yoast_head_json":{"title":"Electromobility - Domowe i firmowe stacje \u0142adowania aut elektrycznych","description":"Electromobility - Wallbox (EV) oraz hybryd plug-in (PHEV) w znacz\u0105cy spos\u00f3b zwi\u0119ksza wygod\u0119 korzystania z auta elektrycznego.","robots":{"index":"index","follow":"follow","max-snippet":"max-snippet:-1","max-image-preview":"max-image-preview:large","max-video-preview":"max-video-preview:-1"},"canonical":"https:\/\/electromobility.one\/en\/","og_locale":"en_US","og_type":"article","og_title":"Electromobility - Domowe i firmowe stacje \u0142adowania aut elektrycznych","og_description":"Electromobility - Wallbox (EV) oraz hybryd plug-in (PHEV) w znacz\u0105cy spos\u00f3b zwi\u0119ksza wygod\u0119 korzystania z auta elektrycznego.","og_url":"https:\/\/electromobility.one\/en\/","og_site_name":"electromobility.ONE ENG","article_modified_time":"2022-06-02T10:23:38+00:00","twitter_card":"summary_large_image","schema":{"@context":"https:\/\/schema.org","@graph":[{"@type":"WebSite","@id":"https:\/\/electromobility.one\/en\/#website","url":"https:\/\/electromobility.one\/en\/","name":"electromobility.ONE ENG","description":"","potentialAction":[{"@type":"SearchAction","target":{"@type":"EntryPoint","urlTemplate":"https:\/\/electromobility.one\/en\/?s={search_term_string}"},"query-input":"required name=search_term_string"}],"inLanguage":"en-US"},{"@type":"WebPage","@id":"https:\/\/electromobility.one\/en\/#webpage","url":"https:\/\/electromobility.one\/en\/","name":"Electromobility - Domowe i firmowe stacje \u0142adowania aut elektrycznych","isPartOf":{"@id":"https:\/\/electromobility.one\/en\/#website"},"datePublished":"2020-12-19T11:43:01+00:00","dateModified":"2022-06-02T10:23:38+00:00","description":"Electromobility - Wallbox (EV) oraz hybryd plug-in (PHEV) w znacz\u0105cy spos\u00f3b zwi\u0119ksza wygod\u0119 korzystania z auta elektrycznego.","breadcrumb":{"@id":"https:\/\/electromobility.one\/en\/#breadcrumb"},"inLanguage":"en-US","potentialAction":[{"@type":"ReadAction","target":["https:\/\/electromobility.one\/en\/"]}]},{"@type":"BreadcrumbList","@id":"https:\/\/electromobility.one\/en\/#breadcrumb","itemListElement":[{"@type":"ListItem","position":1,"name":"Home","item":"https:\/\/electromobility.one\/en\/"},{"@type":"ListItem","position":2,"name":"Main page"}]}]}},"_links":{"self":[{"href":"https:\/\/electromobility.one\/en\/wp-json\/wp\/v2\/pages\/2"}],"collection":[{"href":"https:\/\/electromobility.one\/en\/wp-json\/wp\/v2\/pages"}],"about":[{"href":"https:\/\/electromobility.one\/en\/wp-json\/wp\/v2\/types\/page"}],"author":[{"embeddable":true,"href":"https:\/\/electromobility.one\/en\/wp-json\/wp\/v2\/users\/1"}],"replies":[{"embeddable":true,"href":"https:\/\/electromobility.one\/en\/wp-json\/wp\/v2\/comments?post=2"}],"version-history":[{"count":81,"href":"https:\/\/electromobility.one\/en\/wp-json\/wp\/v2\/pages\/2\/revisions"}],"predecessor-version":[{"id":2258,"href":"https:\/\/electromobility.one\/en\/wp-json\/wp\/v2\/pages\/2\/revisions\/2258"}],"wp:attachment":[{"href":"https:\/\/electromobility.one\/en\/wp-json\/wp\/v2\/media?parent=2"}],"curies":[{"name":"wp","href":"https:\/\/api.w.org\/{rel}","templated":true}]}}